{"id":1043,"date":"2017-01-09T22:12:09","date_gmt":"2017-01-09T22:12:09","guid":{"rendered":"http:\/\/valmeyerfca.cl\/outsourcing\/?page_id=1043"},"modified":"2025-03-05T16:32:54","modified_gmt":"2025-03-05T16:32:54","slug":"inicio","status":"publish","type":"page","link":"http:\/\/valmeyerfca.cl\/outsourcing\/","title":{"rendered":"Inicio"},"content":{"rendered":"<section class=\"wpb-content-wrapper\"><p>[vc_row full_width=\u00bbstretch_row_content_no_spaces\u00bb full_height=\u00bbyes\u00bb equal_height=\u00bbyes\u00bb parallax_speed=\u00bb4&#8243; parallax_x=\u00bb4&#8243; parallax_y=\u00bb4&#8243; css=\u00bb.vc_custom_1741191926647{background-color: #f6f6f6 !important;}\u00bb][vc_column css=\u00bb.vc_custom_1741191973703{margin-top: -35px !important;}\u00bb][rev_slider_vc alias=\u00bbinicio\u00bb][\/vc_column][\/vc_row][vc_row full_width=\u00bbstretch_row_content_no_spaces\u00bb equal_height=\u00bbyes\u00bb parallax_speed=\u00bb4&#8243; parallax_x=\u00bb4&#8243; parallax_y=\u00bb4&#8243; css=\u00bb.vc_custom_1741191990754{margin-top: -35px !important;background-color: #f6f6f6 !important;}\u00bb][vc_column width=\u00bb1\/2&#8243;][vc_single_image image=\u00bb1293&#8243; img_size=\u00bbfull\u00bb el_class=\u00bbflat-single-images\u00bb][\/vc_column][vc_column width=\u00bb1\/2&#8243; el_class=\u00bbpadl-px116&#8243;][vc_column_text el_class=\u00bbabout-us\u00bb]<\/p>\n<h3>VALMEYER &amp; CIA. LTDA.<\/h3>\n<h5>Auditorias Financieras y Contables<\/h5>\n<p>Es una sociedad que naci\u00f3 en Mayo de 1998 con el objetivo principal, de atender las necesidades de las PYME en relaci\u00f3n a sus contabilidades y servicios afines a la Inform\u00e1tica.<\/p>\n<p>Debido al \u00e9xito causado por nuestro servicio y profesionalismo, nuestra empresa ha querido expandir sus horizontes, creando en le a\u00f1o 2001 el departamento de Auditoria Externa, lo que en corto tiempo ha tenido una gran acogida por parte de nuestros clientes&#8230;[\/vc_column_text][vc_empty_space height=\u00bb54px\u00bb][vc_column_text el_class=\u00bbmgl20&#8243;]<a class=\"wpb_button_a\" title=\"Read More\" href=\"http:\/\/valmeyerfca.cl\/outsourcing\/quienes-somos\/\"><span class=\"wpb_button wpb_btn-primary wpb_regularsize\">Continuar leyendo<\/span><\/a>[\/vc_column_text][\/vc_column][\/vc_row]<\/p>\n<\/section>","protected":false},"excerpt":{"rendered":"<p>[vc_row full_width=\u00bbstretch_row_content_no_spaces\u00bb full_height=\u00bbyes\u00bb equal_height=\u00bbyes\u00bb parallax_speed=\u00bb4&#8243; parallax_x=\u00bb4&#8243; parallax_y=\u00bb4&#8243; css=\u00bb.vc_custom_1741191926647{background-color: #f6f6f6 !important;}\u00bb][vc_column css=\u00bb.vc_custom_1741191973703{margin-top: -35px !important;}\u00bb][rev_slider_vc alias=\u00bbinicio\u00bb][\/vc_column][\/vc_row][vc_row full_width=\u00bbstretch_row_content_no_spaces\u00bb equal_height=\u00bbyes\u00bb parallax_speed=\u00bb4&#8243; parallax_x=\u00bb4&#8243; parallax_y=\u00bb4&#8243; css=\u00bb.vc_custom_1741191990754{margin-top: -35px !important;background-color: #f6f6f6 !important;}\u00bb][vc_column width=\u00bb1\/2&#8243;][vc_single_image image=\u00bb1293&#8243; img_size=\u00bbfull\u00bb el_class=\u00bbflat-single-images\u00bb][\/vc_column][vc_column width=\u00bb1\/2&#8243; el_class=\u00bbpadl-px116&#8243;][vc_column_text [&hellip;]<\/p>\n","protected":false},"author":1,"featured_media":0,"parent":0,"menu_order":0,"comment_status":"closed","ping_status":"closed","template":"tpl\/front-page.php","meta":{"footnotes":""},"class_list":["post-1043","page","type-page","status-publish","hentry"],"_links":{"self":[{"href":"http:\/\/valmeyerfca.cl\/outsourcing\/wp-json\/wp\/v2\/pages\/1043","targetHints":{"allow":["GET"]}}],"collection":[{"href":"http:\/\/valmeyerfca.cl\/outsourcing\/wp-json\/wp\/v2\/pages"}],"about":[{"href":"http:\/\/valmeyerfca.cl\/outsourcing\/wp-json\/wp\/v2\/types\/page"}],"author":[{"embeddable":true,"href":"http:\/\/valmeyerfca.cl\/outsourcing\/wp-json\/wp\/v2\/users\/1"}],"replies":[{"embeddable":true,"href":"http:\/\/valmeyerfca.cl\/outsourcing\/wp-json\/wp\/v2\/comments?post=1043"}],"version-history":[{"count":57,"href":"http:\/\/valmeyerfca.cl\/outsourcing\/wp-json\/wp\/v2\/pages\/1043\/revisions"}],"predecessor-version":[{"id":1294,"href":"http:\/\/valmeyerfca.cl\/outsourcing\/wp-json\/wp\/v2\/pages\/1043\/revisions\/1294"}],"wp:attachment":[{"href":"http:\/\/valmeyerfca.cl\/outsourcing\/wp-json\/wp\/v2\/media?parent=1043"}],"curies":[{"name":"wp","href":"https:\/\/api.w.org\/{rel}","templated":true}]}}