{"id":1049,"date":"2017-01-09T22:23:45","date_gmt":"2017-01-09T22:23:45","guid":{"rendered":"http:\/\/valmeyerfca.cl\/outsourcing\/?page_id=1049"},"modified":"2017-01-10T01:55:21","modified_gmt":"2017-01-10T01:55:21","slug":"quienes-somos","status":"publish","type":"page","link":"http:\/\/valmeyerfca.cl\/outsourcing\/quienes-somos\/","title":{"rendered":"Qui\u00e9nes Somos"},"content":{"rendered":"<section class=\"wpb-content-wrapper\"><p>[vc_row][vc_column][vc_column_text]<\/p>\n<h3>VALMEYER &amp; CIA. LTDA.<\/h3>\n<h5>Auditorias Financieras y Contables<\/h5>\n<p>Es una Firma de Auditores Consultores con varios a\u00f1os de experiencia en el rubro de Contabilidad, asesor\u00edas financieras y auditorias de estados financieros. Prestamos servicios de auditorias a cualquier tipo de empresa.<\/p>\n<p>Hoy en d\u00eda, debido a la magnitud de las empresas y de sus operaciones, estas son examinadas por firmas de auditoria que revisan los estados financieros por varios per\u00edodos, perdiendo el cimiento fundamental que tiene la auditoria que es la Independencia. Debido a esto no queremos que a su organizaci\u00f3n le suceda lo que ocurri\u00f3 en Estados Unidos, que significo que una importante empresa de ese pa\u00eds, auditada por una gran compa\u00f1\u00eda a nivel mundial, destruyera informaci\u00f3n tendiente a reflejar una situaci\u00f3n econ\u00f3mica positiva, que en la realidad no lo era. Creemos que es conveniente que las empresas sujetas a fiscalizaci\u00f3n, roten a las firmas de auditoria de modo de obtener otra opini\u00f3n en cuanto a los estados financieros.<\/p>\n<p>Para otorgar nuestro servicio, contamos con un staff de profesionales, que lo asesorar\u00e1n en las \u00e1reas de contabilidad, tributaria y auditoria de estados financieros. Nuestros servicios corresponden a un trabajo integral, con reuniones constantes que lo mantendr\u00e1n informado del desarrollo y resultado de cada una de las etapas de la revisi\u00f3n.<\/p>\n<p>Queremos reunirnos con usted, presentarle nuestro plan de trabajo con toda la informaci\u00f3n relacionada con la contabilidad y auditoria de los estados financieros. Si usted necesita una segunda opini\u00f3n o alg\u00fan trabajo especial, nos gustar\u00eda estar con usted y orientarlo personalmente.<\/p>\n<p>Tambi\u00e9n queremos destacar nuestro deseo de prestar a la sociedad un servicio profesional e integral, a trav\u00e9s de nuestras divisiones de Contabilidad, Impuestos,<br \/>\nConsultor\u00eda y Servicios especiales-Outsourcing. Nuestros servicios son de costos muy razonables para su empresa, cons\u00faltenos cualquier inquietud.<\/p>\n<p>Agradecemos, la posibilidad de colaborar con su Empresa y quedamos a su disposici\u00f3n para aclarar o ampliar personalmente o por escrito, cualquier materia contenida en la presente carta.<\/p>\n<p>Sin otro particular, saluda atentamente a usted, <span class=\"Estilo4\">Valmeyer &amp; C\u00eda. Ltda.<br \/>\nAsesor\u00edas Contables financieras, Tributarias y Auditoria<br \/>\nReinaldo A. Vald\u00e9s Meyer.<\/span><\/p>\n<p>[\/vc_column_text][vc_single_image image=\u00bb1148&#8243; img_size=\u00bbfull\u00bb][vc_empty_space height=\u00bb20px\u00bb][\/vc_column][\/vc_row][vc_row][vc_column][vc_tta_tabs][vc_tta_section title=\u00bbNUESTRA MISI\u00d3N\u00bb tab_id=\u00bb1484009674403-d126dc26-3dbb\u00bb][vc_column_text]<span class=\"Estilo1\">Apoyar en forma efectiva a nuestros clientes en el logro de sus objetivos y obtenci\u00f3n de los resultados esperados, contribuyendo con soluciones a la medida de sus necesidades a trav\u00e9s de un equipo de trabajo profesional, altamente competitivo y\u00a0 en constante desarrollo.<\/span>[\/vc_column_text][\/vc_tta_section][vc_tta_section title=\u00bbNUESTRA VISI\u00d3N\u00bb tab_id=\u00bb1484009674495-5626a9ab-450d\u00bb][vc_column_text]Ser considerados la mejor empresa consultora.La m\u00e1s competitivas y prestigiosa, en el \u00e1mbito de servicios de asesor\u00eda a la peque\u00f1a, mediana y grandes empresas, destac\u00e1ndose por sobre sus competidores en la calidad del servicio y la atenci\u00f3n personalizada a sus clientes.[\/vc_column_text][\/vc_tta_section][\/vc_tta_tabs][\/vc_column][\/vc_row][vc_row][vc_column][\/vc_column][\/vc_row]<\/p>\n<\/section>","protected":false},"excerpt":{"rendered":"<p>[vc_row][vc_column][vc_column_text] VALMEYER &amp; CIA. LTDA. Auditorias Financieras y Contables Es una Firma de Auditores Consultores con varios a\u00f1os de experiencia en el rubro de Contabilidad, asesor\u00edas financieras y auditorias de [&hellip;]<\/p>\n","protected":false},"author":1,"featured_media":0,"parent":0,"menu_order":0,"comment_status":"closed","ping_status":"closed","template":"tpl\/page_single.php","meta":{"footnotes":""},"class_list":["post-1049","page","type-page","status-publish","hentry"],"_links":{"self":[{"href":"http:\/\/valmeyerfca.cl\/outsourcing\/wp-json\/wp\/v2\/pages\/1049","targetHints":{"allow":["GET"]}}],"collection":[{"href":"http:\/\/valmeyerfca.cl\/outsourcing\/wp-json\/wp\/v2\/pages"}],"about":[{"href":"http:\/\/valmeyerfca.cl\/outsourcing\/wp-json\/wp\/v2\/types\/page"}],"author":[{"embeddable":true,"href":"http:\/\/valmeyerfca.cl\/outsourcing\/wp-json\/wp\/v2\/users\/1"}],"replies":[{"embeddable":true,"href":"http:\/\/valmeyerfca.cl\/outsourcing\/wp-json\/wp\/v2\/comments?post=1049"}],"version-history":[{"count":14,"href":"http:\/\/valmeyerfca.cl\/outsourcing\/wp-json\/wp\/v2\/pages\/1049\/revisions"}],"predecessor-version":[{"id":1166,"href":"http:\/\/valmeyerfca.cl\/outsourcing\/wp-json\/wp\/v2\/pages\/1049\/revisions\/1166"}],"wp:attachment":[{"href":"http:\/\/valmeyerfca.cl\/outsourcing\/wp-json\/wp\/v2\/media?parent=1049"}],"curies":[{"name":"wp","href":"https:\/\/api.w.org\/{rel}","templated":true}]}}