{"id":1055,"date":"2017-01-09T22:35:48","date_gmt":"2017-01-09T22:35:48","guid":{"rendered":"http:\/\/valmeyerfca.cl\/outsourcing\/?page_id=1055"},"modified":"2017-01-10T03:38:24","modified_gmt":"2017-01-10T03:38:24","slug":"outsourcing-contable","status":"publish","type":"page","link":"http:\/\/valmeyerfca.cl\/outsourcing\/outsourcing-contable\/","title":{"rendered":"Outsourcing Contable"},"content":{"rendered":"<section class=\"wpb-content-wrapper\"><p>[vc_row][vc_column][vc_column_text]<\/p>\n<h3>Outsourcing Contable<\/h3>\n<p>La globalizaci\u00f3n, el desarrollo de redes y el aumento de la competencia, son algunos de los desaf\u00edos que las empresas enfrentan a trav\u00e9s de los nuevos modelos competitivos de negocios, que en la actualidad ya operan en diferentes mercados internacionales.<\/p>\n<p>Dejar ciertos procesos internos en manos de especialistas convierte el Outsourcing en una moderna herramienta de administraci\u00f3n, basada en un proceso de gesti\u00f3n que considera cambios estructurales y culturales en los procedimientos, sistemas y controles, permitiendo que usted se concentre en aquellas \u00e1reas cr\u00edticas de su negocio.<\/p>\n<p>Tomar la decisi\u00f3n estrat\u00e9gica gerencial de realizar outsourcing de sus procesos contables, administrativos, impuestos y remuneraciones tiene un s\u00f3lo objetivo: aumentar la rentabilidad de su negocio.<\/p>\n<p>Nuestro equipo de profesionales nos permiten garantizar a grandes, medianas y peque\u00f1as empresas, un proceso de adaptaci\u00f3n a esta nueva modalidad de negocios, basado en el aprendizaje y cooperaci\u00f3n conjunta, estableciendo relaciones permanentes y leales en el tiempo, que permitan ejecutar y agregar valor a ciertas funciones para que su empresa logre alcanzar los objetivos planificados, transform\u00e1ndonos en su aliado estrat\u00e9gico en esta misi\u00f3n.<\/p>\n<p>VALMEYER &amp; CIA. LTDA. ha implementados una metodolog\u00eda de trabajo, que permite atender en forma integral las necesidades de nuestros clientes, que han optado por un servicio externalizado.<\/p>\n<p>Este servicio lo desarrollamos en terreno o en nuestras oficinas con toda la documentaci\u00f3n a procesar en software contables propios. Es as\u00ed, como disponemos de una fluida comunicaci\u00f3n v\u00eda\u00a0 E-mail con nuestros clientes, de modo de atender todas las consultas y as\u00ed entregar un servicio contable optimo.[\/vc_column_text][vc_column_text]<\/p>\n<h3>Contabilidad Completa<\/h3>\n<p>En este servicio, nuestros esfuerzos est\u00e1n orientados a hacer de la contabilidad una herramienta \u00fatil para control y la toma de decisiones. Destaca nuestro especial conocimiento de los principios contables generalmente aceptados tanto en Chile como en el extranjero y nuestro dominio en materias tributarias y laborales.<br \/>\nOfrecemos llevar la contabilidad completa con sistemas computacionales nuestros o de la misma empresa, incluyendo confecci\u00f3n de impuestos, previsiones o cualquier otra tarea requerida por el cliente<\/p>\n<p>[\/vc_column_text][vc_column_text]<\/p>\n<h3>Los Principales Servicios Ofrecidos en esta \u00e1rea son<\/h3>\n<p>&#8211; Recopilaci\u00f3n antecedentes y procesamiento de los hechos econ\u00f3micos<br \/>\n&#8211; Elaboraci\u00f3n de informes legales<br \/>\n&#8211; Elaboraci\u00f3n de informes de gesti\u00f3n<br \/>\n&#8211; Confecci\u00f3n de Estados Financieros<br \/>\n&#8211; Determinaci\u00f3n de impuestos mensuales y anuales<br \/>\n&#8211; Preparaci\u00f3n y presentaci\u00f3n de declaraciones juradas<br \/>\n&#8211; Asesor\u00eda permanente en estas materias.<\/p>\n<p>[\/vc_column_text][vc_empty_space height=\u00bb20px\u00bb][vc_single_image image=\u00bb1186&#8243; img_size=\u00bbfull\u00bb][\/vc_column][\/vc_row]<\/p>\n<\/section>","protected":false},"excerpt":{"rendered":"<p>[vc_row][vc_column][vc_column_text] Outsourcing Contable La globalizaci\u00f3n, el desarrollo de redes y el aumento de la competencia, son algunos de los desaf\u00edos que las empresas enfrentan a trav\u00e9s de los nuevos modelos [&hellip;]<\/p>\n","protected":false},"author":1,"featured_media":0,"parent":0,"menu_order":0,"comment_status":"closed","ping_status":"closed","template":"tpl\/page_single.php","meta":{"footnotes":""},"class_list":["post-1055","page","type-page","status-publish","hentry"],"_links":{"self":[{"href":"http:\/\/valmeyerfca.cl\/outsourcing\/wp-json\/wp\/v2\/pages\/1055","targetHints":{"allow":["GET"]}}],"collection":[{"href":"http:\/\/valmeyerfca.cl\/outsourcing\/wp-json\/wp\/v2\/pages"}],"about":[{"href":"http:\/\/valmeyerfca.cl\/outsourcing\/wp-json\/wp\/v2\/types\/page"}],"author":[{"embeddable":true,"href":"http:\/\/valmeyerfca.cl\/outsourcing\/wp-json\/wp\/v2\/users\/1"}],"replies":[{"embeddable":true,"href":"http:\/\/valmeyerfca.cl\/outsourcing\/wp-json\/wp\/v2\/comments?post=1055"}],"version-history":[{"count":10,"href":"http:\/\/valmeyerfca.cl\/outsourcing\/wp-json\/wp\/v2\/pages\/1055\/revisions"}],"predecessor-version":[{"id":1196,"href":"http:\/\/valmeyerfca.cl\/outsourcing\/wp-json\/wp\/v2\/pages\/1055\/revisions\/1196"}],"wp:attachment":[{"href":"http:\/\/valmeyerfca.cl\/outsourcing\/wp-json\/wp\/v2\/media?parent=1055"}],"curies":[{"name":"wp","href":"https:\/\/api.w.org\/{rel}","templated":true}]}}