{"id":1073,"date":"2017-01-09T22:50:56","date_gmt":"2017-01-09T22:50:56","guid":{"rendered":"http:\/\/valmeyerfca.cl\/outsourcing\/?page_id=1073"},"modified":"2017-01-10T03:15:26","modified_gmt":"2017-01-10T03:15:26","slug":"asesoria-tributaria","status":"publish","type":"page","link":"http:\/\/valmeyerfca.cl\/outsourcing\/asesoria-tributaria\/","title":{"rendered":"Asesor\u00eda tributaria"},"content":{"rendered":"<section class=\"wpb-content-wrapper\"><p>[vc_row][vc_column][vc_column_text]<\/p>\n<h3>Asesor\u00eda Tributaria<\/h3>\n<p>Una decisi\u00f3n acertada no s\u00f3lo depende de una evaluaci\u00f3n econ\u00f3mica convencional. El modo en que se apliquen las normas legales y reglamentarias, referente al derecho tributario, comercial, laboral, de inversi\u00f3n extranjera, etc, har\u00e1 m\u00e1s o menos rentable un determinado proyecto. Los abogados y auditores tributarios, estudian constantemente dichas normas, para ayudarlo a tomar la mejor decisi\u00f3n.[\/vc_column_text][vc_column_text]<\/p>\n<h3>Cumplimiento Tributario<\/h3>\n<p>Nuestra empresa velara por el cabal cumplimiento de las normas tributarias de sus clientes, tanto en Chile como en el extranjero. Para eso contamos con personal capacitado en el \u00e1rea que lo orientara en diversas materias tributario-legal. El asesoramiento para la optimizaci\u00f3n de la carga tributaria, unido a nuestro permanente estudio de legislaci\u00f3n hacen que nuestro servicio represente un real beneficio para los intereses de nuestros clientes.<\/p>\n<p>Valmeyer &amp; C\u00eda. Ltda. analizara que los impuestos de sus clientes est\u00e9n bien calculados y pagados en la fecha, as\u00ed como cualquier otro tipo de informaci\u00f3n que requiera la organizaci\u00f3n fiscalizadora. Es normal revisar por ejemplo el pago de contribuciones, Iva, Imposiciones previsionales, rentas anuales, patentes, timbrajes al d\u00eda, declaraciones juradas enviadas, etc.<\/p>\n<p>En nuestra legislaci\u00f3n es muy usual modificaciones a las leyes impositivas y de las obligaciones de informar hacia los servicios fiscalizadores, para lo cual hay que estar actualizado de toda la informaci\u00f3n que corresponda.[\/vc_column_text][vc_column_text]<\/p>\n<h3>Planificaci\u00f3n Tributaria<\/h3>\n<p>Hoy en d\u00eda las empresas requieren estrategias para enfrentar el futuro y es fundamental en el aspecto tributario para una organizaci\u00f3n del punto de vista tributario tal, que se adapte y se optimicen todos los aspectos tributarios para lograr el objetivo de la organizaci\u00f3n al menor costo impositivo posible.[\/vc_column_text][vc_column_text]<\/p>\n<h3>Estudiar y determinar la Tributaci\u00f3n optima de acuerdo a los objetivos sociales.<\/h3>\n<p>Todo esquema tributario debe estudiarse para la organizaci\u00f3n que lo requiera, ya que cada uno depende de las condiciones y objetivos de dicha organizaci\u00f3n. Valmeyer &amp; C\u00eda. Ltda. optara por determinar el esquema tributario requerido para su organizaci\u00f3n.[\/vc_column_text][vc_column_text]<\/p>\n<h3>Defensas Tributarias.<\/h3>\n<p>Es com\u00fan hoy en d\u00eda discrepar de los giros o citaciones de las organizaciones fiscalizadoras, por lo cual, es importante tener una adecuada defensa frente a las decisiones que adopte una organizaci\u00f3n y esta decisi\u00f3n debe ser defendida con argumento ante estos organismos, muchas veces para ganar finalmente en estas discrepancias. Por ello es que Valmeyer &amp; C\u00eda. Ltda. se ha comprometido a defender a sus clientes con todos los resquicios legales posibles.[\/vc_column_text][vc_column_text]<\/p>\n<h3>Declaraci\u00f3n de renta y global complementario.<\/h3>\n<p>Confeccionamos y presentamos declaraciones de la Sociedad y personas naturales que se requieran.<br \/>\nToda sociedad o persona que reciba renta debe declarar impuesto, y hoy en d\u00eda es muy importante que esta declaraci\u00f3n este bien hecha, tal forma de evitarse multas, y hasta giros que se pueden hacer por una err\u00f3nea presentaci\u00f3n.[\/vc_column_text][vc_column_text]<\/p>\n<h3>Tramitaci\u00f3n ante el S.I.I. y Municipalidad.<\/h3>\n<p>Nosotros ejecutamos tr\u00e1mites de inicio de actividades, t\u00e9rminos de giro, timbraje de documentos y obtenci\u00f3n de patentes.<br \/>\nNuestros servicios tambi\u00e9n incluye efectuar muchas operaciones que para el cliente son una perdida de tiempo y absolutamente rutinarios.[\/vc_column_text][vc_empty_space height=\u00bb20px\u00bb][vc_single_image image=\u00bb1188&#8243; img_size=\u00bbfull\u00bb][\/vc_column][\/vc_row]<\/p>\n<\/section>","protected":false},"excerpt":{"rendered":"<p>[vc_row][vc_column][vc_column_text] Asesor\u00eda Tributaria Una decisi\u00f3n acertada no s\u00f3lo depende de una evaluaci\u00f3n econ\u00f3mica convencional. El modo en que se apliquen las normas legales y reglamentarias, referente al derecho tributario, comercial, [&hellip;]<\/p>\n","protected":false},"author":1,"featured_media":0,"parent":0,"menu_order":0,"comment_status":"closed","ping_status":"closed","template":"tpl\/page_single.php","meta":{"footnotes":""},"class_list":["post-1073","page","type-page","status-publish","hentry"],"_links":{"self":[{"href":"http:\/\/valmeyerfca.cl\/outsourcing\/wp-json\/wp\/v2\/pages\/1073","targetHints":{"allow":["GET"]}}],"collection":[{"href":"http:\/\/valmeyerfca.cl\/outsourcing\/wp-json\/wp\/v2\/pages"}],"about":[{"href":"http:\/\/valmeyerfca.cl\/outsourcing\/wp-json\/wp\/v2\/types\/page"}],"author":[{"embeddable":true,"href":"http:\/\/valmeyerfca.cl\/outsourcing\/wp-json\/wp\/v2\/users\/1"}],"replies":[{"embeddable":true,"href":"http:\/\/valmeyerfca.cl\/outsourcing\/wp-json\/wp\/v2\/comments?post=1073"}],"version-history":[{"count":4,"href":"http:\/\/valmeyerfca.cl\/outsourcing\/wp-json\/wp\/v2\/pages\/1073\/revisions"}],"predecessor-version":[{"id":1189,"href":"http:\/\/valmeyerfca.cl\/outsourcing\/wp-json\/wp\/v2\/pages\/1073\/revisions\/1189"}],"wp:attachment":[{"href":"http:\/\/valmeyerfca.cl\/outsourcing\/wp-json\/wp\/v2\/media?parent=1073"}],"curies":[{"name":"wp","href":"https:\/\/api.w.org\/{rel}","templated":true}]}}