{"id":1084,"date":"2017-01-09T23:28:15","date_gmt":"2017-01-09T23:28:15","guid":{"rendered":"http:\/\/valmeyerfca.cl\/outsourcing\/?page_id=1084"},"modified":"2017-01-12T18:52:31","modified_gmt":"2017-01-12T18:52:31","slug":"inversiones-extranjeras","status":"publish","type":"page","link":"http:\/\/valmeyerfca.cl\/outsourcing\/inversiones-extranjeras\/","title":{"rendered":"Inversiones Extranjeras"},"content":{"rendered":"<section class=\"wpb-content-wrapper\"><p>[vc_row][vc_column width=\u00bb2\/3&#8243;][vc_column_text]<\/p>\n<h3>Asesor\u00eda en Mercados de Capitales Internacionales<\/h3>\n<p>Asesor\u00eda en la preparaci\u00f3n y revisi\u00f3n de registros de acciones y deudas presentados a la Securities &amp; Exchange Commission (\u00abSEC\u00bb) de los Estados Unidos; asesor\u00eda en la preparaci\u00f3n y revisi\u00f3n de Circulares de Ofertas para emisiones de acciones y deudas que no requieren registro con la SEC, tales como Regla 144A y Ofertas Privadas; preparaci\u00f3n de cartas de conformidad (\u00abconfort letter\u00bb) al agente colocador.Asistencia a empresas en la adaptaci\u00f3n de sus informes financieros de acuerdo con las Normas Internacionales de Contabilidad, entre otros.<\/p>\n<p><strong><em>DL-600<\/em><\/strong><br \/>\n<strong><em>Franquicias Tributarias<\/em><\/strong><br \/>\n<strong><em>Inversiones 27-bis (Activos Inmovilizados)<\/em><\/strong><br \/>\n<strong><em>Gesti\u00f3n operativa de Importaciones y Exportaciones<\/em><\/strong><br \/>\n<strong><em>Iva Exportadores<\/em><\/strong><br \/>\n<strong><em>Reintegros Simplificados<\/em><\/strong>[\/vc_column_text][\/vc_column][vc_column width=\u00bb1\/3&#8243;][vc_column_text]<\/p>\n<div class=\"box-download\">\n<h5>En este enlace puede descargar el Decreto Ley 600 (DL600)<\/h5>\n<p class=\"btn-download pdf\"><a href=\"http:\/\/valmeyerfca.cl\/outsourcing\/wp-content\/uploads\/2017\/01\/dl600_esp.rar\">Descargar .PDF<\/a><\/p>\n<\/div>\n<p>[\/vc_column_text][\/vc_column][\/vc_row][vc_row][vc_column][vc_column_text]<\/p>\n<h3>Especializaci\u00f3n<\/h3>\n<p>Nuestros equipos de auditor\u00eda est\u00e1n organizados por industrias. Esto nos permite asegurar que en todo el proceso -desde la planificaci\u00f3n hasta la emisi\u00f3n de los informes finales-, usted ser\u00e1 atendido por profesionales que tienen un profundo conocimiento de la industria, del entorno y de las contingencias relevantes de su negocio.[\/vc_column_text][vc_column_text]<\/p>\n<h3>Comit\u00e9 de Inversiones Extranjeras<\/h3>\n<p>El Comit\u00e9 de Inversiones Extranjeras es la Agencia que representa al Estado de Chile en las transacciones con aquellos inversionistas que deciden usar el Estatuto de la Inversi\u00f3n Extranjera (D.L. 600) como el mecanismo legal para materializar Inversi\u00f3n Extranjera Directa (IED) en el pa\u00eds.<br \/>\nEl Comit\u00e9 de Inversiones Extranjeras est\u00e1 conformado por los Ministros de Econom\u00eda (quien act\u00faa como el Presidente del Comit\u00e9), de Hacienda, de Relaciones Exteriores y de Planificaci\u00f3n, m\u00e1s el Presidente del Banco Central. Adem\u00e1s, cu\u00e1ndo se requiera su participaci\u00f3n, los Ministros que representan sectores econ\u00f3micos asociados a una inversi\u00f3n espec\u00edfica.<\/p>\n<p>El Comit\u00e9 apunta a consolidar la posici\u00f3n de Chile como una destino atractivo para la inversi\u00f3n extranjera. Para esto coordina todas las tareas operacionales relacionadas con el marco legal que regula la inversi\u00f3n extranjera, conduce las actividades promocionales del pa\u00eds en distintos \u00e1mbitos y participa en las negociaciones internacionales que tienen relaci\u00f3n con la inversi\u00f3n extranjera.<br \/>\nLos principales objetivos estrat\u00e9gicos son:<\/p>\n<p>\u2022 Proporcionar un ambiente estable y seguro para inversiones extranjeras a trav\u00e9s de la administraci\u00f3n del marco legal indicado en el Estatuto Extranjero de la Inversi\u00f3n (D.L. 600).<\/p>\n<p>\u2022 Conducir todas las actividades apropiadas que apunten a la informaci\u00f3n, la promoci\u00f3n, la coordinaci\u00f3n y las acciones de ejecuci\u00f3n que gu\u00edan la entrada de inversi\u00f3n extranjera en Chile a nivel nacional, por sector especifico y a nivel regional.<\/p>\n<p>\u2022 Participar en las negociaciones internacionales de Tratados Bilaterales de la inversi\u00f3n (BITs) y de los cap\u00edtulos de inversi\u00f3n incluidos en Acuerdos de Libre Comercio (FTAs). Si es requerido, representa al Estado Chile en los casos de controversias relacionadas con la inversi\u00f3n ante entidades de arbitraje internacionales.<\/p>\n<p>\u2022 Mantener una base de datos actualizada y estad\u00edstica exacta de los IEDs autorizados y materializados en Chile bajo el Estatuto de la Inversi\u00f3n Extranjera (D.L. 600).[\/vc_column_text][vc_empty_space height=\u00bb20px\u00bb][vc_single_image image=\u00bb1192&#8243; img_size=\u00bbfull\u00bb][\/vc_column][\/vc_row]<\/p>\n<\/section>","protected":false},"excerpt":{"rendered":"<p>[vc_row][vc_column width=\u00bb2\/3&#8243;][vc_column_text] Asesor\u00eda en Mercados de Capitales Internacionales Asesor\u00eda en la preparaci\u00f3n y revisi\u00f3n de registros de acciones y deudas presentados a la Securities &amp; Exchange Commission (\u00abSEC\u00bb) de los [&hellip;]<\/p>\n","protected":false},"author":1,"featured_media":0,"parent":0,"menu_order":0,"comment_status":"closed","ping_status":"closed","template":"tpl\/page_single.php","meta":{"footnotes":""},"class_list":["post-1084","page","type-page","status-publish","hentry"],"_links":{"self":[{"href":"http:\/\/valmeyerfca.cl\/outsourcing\/wp-json\/wp\/v2\/pages\/1084","targetHints":{"allow":["GET"]}}],"collection":[{"href":"http:\/\/valmeyerfca.cl\/outsourcing\/wp-json\/wp\/v2\/pages"}],"about":[{"href":"http:\/\/valmeyerfca.cl\/outsourcing\/wp-json\/wp\/v2\/types\/page"}],"author":[{"embeddable":true,"href":"http:\/\/valmeyerfca.cl\/outsourcing\/wp-json\/wp\/v2\/users\/1"}],"replies":[{"embeddable":true,"href":"http:\/\/valmeyerfca.cl\/outsourcing\/wp-json\/wp\/v2\/comments?post=1084"}],"version-history":[{"count":11,"href":"http:\/\/valmeyerfca.cl\/outsourcing\/wp-json\/wp\/v2\/pages\/1084\/revisions"}],"predecessor-version":[{"id":1213,"href":"http:\/\/valmeyerfca.cl\/outsourcing\/wp-json\/wp\/v2\/pages\/1084\/revisions\/1213"}],"wp:attachment":[{"href":"http:\/\/valmeyerfca.cl\/outsourcing\/wp-json\/wp\/v2\/media?parent=1084"}],"curies":[{"name":"wp","href":"https:\/\/api.w.org\/{rel}","templated":true}]}}